{"id":3176,"date":"2019-12-29T09:57:18","date_gmt":"2019-12-29T09:57:18","guid":{"rendered":"http:\/\/esoteric-information.com\/?page_id=3176"},"modified":"2020-09-25T17:46:28","modified_gmt":"2020-09-25T17:46:28","slug":"die-geschichte-der-menschheit","status":"publish","type":"page","link":"https:\/\/esoteric-information.com\/newmain\/texte-auf-deutsch\/die-geschichte-der-menschheit\/","title":{"rendered":"Die Geschichte der Menschheit"},"content":{"rendered":"\n<p>Die&nbsp;Geschichte&nbsp;der&nbsp;Menschheit&nbsp;<\/p>\n\n\n\n<p>Publiziert: 22.8.2012&nbsp;<\/p>\n\n\n\n<p>Die \u00dcbersetzung: 29.12.2019<\/p>\n\n\n\n<p>1.&nbsp;<\/p>\n\n\n\n<p>Die Geschichte der Menschheit ist seltsam, weil Menschen seit Vergangene Epochen gewesen sind. Menschen sind immer gleich ausgesehen, weil alles auf der Sch\u00f6pfung basiert. Die Sch\u00f6pfung als die Ursache ist sehr Unrecht Information zuschreiben, weil die Menschen zu Unrecht zueinander mit dieser Information sind. Menschen haben einander get\u00f6tet bereits in den fr\u00fcheren Zeiten, mit gleichen Proportionen als was man durchgef\u00fchrt in&nbsp;diesem Tag. Die Menschheit ist sehr unrechtm\u00e4\u00dfig gegen andere Menschen gewesen. Alle Menschen sind mehr unrechtm\u00e4\u00dfig als was man kann doch vorstellen in der geistigen Welt. Noch die Menschen haben es gut zu sein in den Systemen&nbsp;der Planet Erde,&nbsp;denn&nbsp;der Sch\u00f6pfer ist&nbsp;ein sehr kreatives Gesch\u00f6pf, der macht Systeme f\u00fcr Menschen, mit dem k\u00f6nnen sie weniger sch\u00e4dlich zueinander sein.&nbsp;<\/p>\n\n\n\n<p>Der Fortschritt, der alle Wesen des Sch\u00f6pfers ist,&nbsp;sehr Unrecht Aktivit\u00e4t, denn alles ist Unrecht in der geistigen Welt. F\u00fcr alle unsere Wesen ist mit dem Lauf der Zeit die Endung der Ungerechtigkeit im endg\u00fcltigen Urteil geworden, wenn sie nicht eine Aktivit\u00e4t auf der H\u00f6he des Sch\u00f6pfers getrieben haben. Alle k\u00f6nnen so als die Sch\u00f6pfer werden, wenn sie mit dem Vertrag des Sch\u00f6pfers als Wesen wie der Sch\u00f6pfer wollen werden. Der Sch\u00f6pfer ist nicht ein sehr ungerechtes Wesen, obwohl es sieht aus so, aber die Ungerechtigkeit sehr bekannt f\u00fcr es ist. Die Ungerechtigkeit den allen ungerechten Wesen ist sehr fluche Aktivit\u00e4t, die der Sch\u00f6pfer st\u00e4ndig reduzieren will. Die alle unrechten Sachen sind sehr fluchen, wenn niemand das Verst\u00e4ndnis des Sch\u00f6pfers erh\u00e4lt, wenn sie ihren Sinn fluchen wollen, die Ungerechtigkeit,&nbsp;um zu machen. Die alle Vereinbarungen des Sch\u00f6pfers sind mehr ungerecht als in unseren fr\u00fcheren Zeiten, wenn der Sch\u00f6pfer die Ungerechtigkeit zu anderen Wesen zu machen anf\u00e4ngt, f\u00fcr das System noch mehr ungerecht als die Menschen funktionieren zu erhalten. So wird Fortschritt entstanden, weil dann die ungerechten Wesen das System nicht rund um es mit ihrer eigenen Ungerechtigkeit \u00fcbersetzen konnte.&nbsp;<\/p>\n\n\n\n<p>Die ungerechten Wesen waren sehr geflucht in fr\u00fcheren Zeiten gewesen, weil dann alle im geringeren Umfang gute Systeme die Aktivit\u00e4t zum Besseren zu steuern hatten. Dieses stimmt nicht jedoch voll, denn in der Gegenwart auch viele Ungerechtigkeit mit der Aktivit\u00e4t gibt, und die Systeme des modernen Tages nicht mehr bequemer f\u00fcr die Menschen sind, als was es in fr\u00fcheren Zeiten gewesen ist. Ungerechte Sache, der allen Wesen sind,&nbsp;sehr perverse in die Ungerechtigkeit, wenn alle Wesen sehr viel gefluchte Gedanken haben, die ungerechte Aktivit\u00e4t verursacht. Alle unsere Wesen haben sehr viel Ungerechtigkeit mit ihnen, so alle unsere Wesen niemals alle Dinge v\u00f6llig gutgehabt haben.&nbsp;<\/p>\n\n\n\n<p>Unsere Ungerechtigkeit ist sehr unrechtm\u00e4\u00dfige Aktivit\u00e4t, weil alle unsere Wesen Ungerechtigkeit in sehr gro\u00dfen Proportionen mit ihnen haben. Alle unsere Wesen sehr viel Ungerechtigkeit aufgrund der fr\u00fcheren Zeiten mit ihnen haben. Jeder Mensch ist in der F\u00fchrung des Staats gewesen, wenn alle sehr viel unrechtm\u00e4\u00dfige Ma\u00dfnahmen gehabt haben. Alle unsere Wesen haben so Erfahrung&nbsp;von allen&nbsp;Angelegenheiten, wenn sie bereits seit 2000 Jahren gewesen sind. Alle unsere Wesen haben so sehr unrechtm\u00e4\u00dfige Funktionen. Vor 2000 Jahren alle konnten in den Systemen des Sch\u00f6pfers sehr unrechtm\u00e4\u00dfige Leben&nbsp;leben, in die alle eine M\u00f6glichkeit in der F\u00fclle zu leben hatten. Dieses aufgrund von dem, dass alle unsere Wesen sehr unrechtm\u00e4\u00dfig sind.&nbsp;<\/p>\n\n\n\n<p>Die Ungerechtigkeit,&nbsp;der alle Wesen k\u00f6nnen wir nicht messen, aber doch alle M\u00f6glichkeiten liebevoll f\u00fcr andere Wesen zu sein hat. Die unrechtm\u00e4\u00dfigen&nbsp;Wesen sind sehr perverse f\u00fcr andere Wesen, denn sie&nbsp;wegen der vergangenen&nbsp;Zeiten&nbsp;falsch von anderen Wesen geworden sind. Alle Wesen haben so irgendwann einander in gewisser Weise gekannt, wenn sie seit 2000 Jahren existiert sind. Alle unsere Wesen haben sehr unrechtm\u00e4\u00dfige Funktionen, weil alle Wesen sehr viel mit einander auf der Ebene der Geisterwelt funktionieren, wenn alle unsere Wesen auf der Erde eine F\u00e4higkeit andere Wesen mit der Hilfe der Geisterwelt in sehr gro\u00dfen Proportionen bekannt zu werden haben.&nbsp;<\/p>\n\n\n\n<p>2.&nbsp;<\/p>\n\n\n\n<p>Alle&nbsp;unsere&nbsp;Wesen&nbsp;sind&nbsp;sehr&nbsp;unrechtm\u00e4\u00dfige,&nbsp;die&nbsp;Wesen&nbsp;schw\u00e4cher&nbsp;machen,&nbsp;als&nbsp;was&nbsp;\u00fcberall&nbsp;anderswo&nbsp;ist.&nbsp;Anderswo&nbsp;es&nbsp;gibt&nbsp;Materialen,&nbsp;die&nbsp;starken&nbsp;geistigen&nbsp;Wesen&nbsp;sind,&nbsp;aber&nbsp;nicht&nbsp;so&nbsp;kompetent&nbsp;etwas&nbsp;besondere&nbsp;Sachen&nbsp;zu&nbsp;machen. Alle&nbsp;unsere&nbsp;Wesen&nbsp;haben&nbsp;sehr&nbsp;viel&nbsp;Ungerechtigkeit&nbsp;mit&nbsp;ihnen,&nbsp;weil&nbsp;alle&nbsp;mehr&nbsp;unrechtm\u00e4\u00dfige&nbsp;sind,&nbsp;als&nbsp;man&nbsp;sich&nbsp;wenigstens&nbsp;vorstellt.&nbsp;Die&nbsp;Reparierung&nbsp;der&nbsp;Sachen&nbsp;ist&nbsp;sehr&nbsp;unrechtm\u00e4\u00dfig&nbsp;Aktivit\u00e4t,&nbsp;wenn&nbsp;alle&nbsp;Unrechte&nbsp;Sachen&nbsp;sehr&nbsp;gefluchte&nbsp;Ma\u00dfnahmen&nbsp;sind.&nbsp;\u00dcberall&nbsp;es&nbsp;gibt&nbsp;sehr&nbsp;viele&nbsp;Problemen,&nbsp;das&nbsp;Wesen&nbsp;eine&nbsp;Menge&nbsp;kompetent&nbsp;als&nbsp;andere&nbsp;Wesen&nbsp;machst,&nbsp;wenn&nbsp;sie&nbsp;Problemen&nbsp;l\u00f6sen&nbsp;k\u00f6nnen.&nbsp;<\/p>\n\n\n\n<p>Die Geschichte der Menschen ist sehr lang, weil der Sch\u00f6pfer ein Mensch ist, der alles andere verursacht hat. Alle unsere Wesen sehr viele gefluchte Teile haben, die wegen des Aktes der Ungerechtigkeit geboren sind. Alles hat seit sehr langer Zeit begonnen, so die Geschichte des Menschen ewige lang ist. Auch die Wesen der vergangenen Zeiten \u00e4hnlich aussieht als wie die Menschen der Gegenwart aussieht haben. Die Menschen der Gegenwart haben so gerade keines neues in unseren&nbsp;Universumen&nbsp;gebracht, weil alles bereits fr\u00fcher als sehr&nbsp;gleich gewesen ist. Es gibt sehr unrechtm\u00e4\u00dfige Teile in das Gen der allen Wesen, Teile die gleich mit einem Computer funktionieren, weil alle unrechtm\u00e4\u00dfigen Teile sehr kalkuliert funktionieren.&nbsp;<\/p>\n\n\n\n<p>Die Aktion, der alle Teile basiert auf den genetischen Erben, deshalb die Gene in der F\u00fcllung der Zellen sind. Unser genetisches Erbe ist erschafft von dem Sch\u00f6pfer, weshalb es wird nicht einmal in sp\u00e4teren Zeiten sich \u00e4ndern. Alle Funktionen des genetischen Erbes sind zu bearbeiten von kurzer Dauer als man gerade in der Gegenwart vorstellt. Unser genetisches Erbe funktioniert wie andere genetische Erben, denn es eine Apparatur des Sch\u00f6pfers ist, f\u00fcr uns die leben zu unterhalten. In unserem genetischen&nbsp;Erbe es gibt sehr wenig \u00c4nderungen&nbsp;aus&nbsp;vergangenen&nbsp;Zeiten, so alle \u00c4nderungen Vollst\u00e4ndigkeit in sp\u00e4tere Zeiten vermehren sein. Alle menschliche Spezies sind sofort in vergangenen Zeiten gewesen, und die menschliche Spezies des Altertumes nicht nur in den Zeiten die als Wissen zu Zeit gewesen sind.&nbsp;&nbsp;<\/p>\n\n\n\n<p>In der Geschichte zurzeit es gibt sehr viel verschiedene menschliche Spezies, die ausgestorben sind, doch sie sp\u00e4ter mit der Hilfe der wieder Ersch\u00f6pfung irgendwann weit in der Zukunft kommen werden, wann die Geistige Welt die Systeme der Erde vollst\u00e4ndig erneuert hat. Die Geistige Welt kann so alles von Zeit zu Zeit erneuern, wann \u00fcbrig bleib nicht als w\u00fcnschte Relikte von vergangenen Epochen und neues wird ersch\u00f6pft durch den verwirklichen der Geistigen Welt. In unserer Geistige Welt man funktioniert als unrechtm\u00e4\u00dfig in der Gegenwart so wie man funktioniert fr\u00fcher auch in der Geschichte der Planet Erde. Alle Wesen der Planet Erde funktioniert so auch in sp\u00e4teren Zeiten mit der gleichen Gruppe wie in der Gegenwart, wann es war wichtig, dass man nicht schwierig f\u00fcr andere Wesen vornimmt, denn alle wie Bekannte zu einander sollen sein, wer keine gegenseitige Widerspr\u00fcche haben. So alle fort schritten auch in vergangenen Epochen, aber immer es die M\u00f6glichkeit f\u00fcr Fehlverhalten gibt, wer zerst\u00f6rend sowohl geistig als auch physisch ist.&nbsp;&nbsp;<\/p>\n\n\n\n<p>&nbsp;<br>Alle unsere Wesen sind sehr unrecht f\u00fcr Wesen, weil das Leben des alles nicht sehr erfolgreich ist, sondern die Fl\u00fcche sehr schw\u00e4chlich funktionieren. Alle schw\u00e4chlichen Wesen sind in den Systemen des Sch\u00f6pfers sehr ungerecht, denn schw\u00e4chen ist ungerecht, wenn es nicht eine rechte Ursache gibt. F\u00fcr alle unsere Wesen die Absicht, um zu schw\u00e4chen, ist in unseren Systemen des Sch\u00f6pfers die Kampff\u00e4higkeit des Feinds zu reduzieren, und die Schw\u00e4chen man braucht nicht als nur f\u00fcr die Feinde. Alle unsere Wesen funktionieren als sehr anstrengend unsere Wesen, um zu schw\u00e4chen. Der gr\u00f6\u00dfte Teil von unseren Wesen ist nicht schw\u00e4chlich, aber die Schw\u00e4chen f\u00fcr andere mehr wichtig ist, als man sich vorstellen wird. Dieses folgt aus den ungerechten Hexereien, die schw\u00e4chliche Wesen f\u00fcr sich halten, um sie die F\u00e4higkeit andere Wesen zu schw\u00e4chen erhalten w\u00fcrden.&nbsp;&nbsp;<\/p>\n\n\n\n<p>3.&nbsp;<\/p>\n\n\n\n<p>Die Menschheit ist eine sehr ungerechte Sch\u00f6pfung des Sch\u00f6pfers, die funktioniert als vollst\u00e4ndig auch in der Gegenwart, denn die ungerechten Sachen als sehr gesteuert seit vergangenen Epochen sind. Mit den allen ungerechte Wesen auch der Sch\u00f6pfer kann nichts machen, denn er ein sehr ungerechtes Wesen f\u00fcr die Ungerechte ist. Die Kontrakte der Sch\u00f6pfer mit der Hilfe der Menschheit gemacht hat, sehr funktionieren im Ganzen sind. Die Aktion des Sch\u00f6pfers ist die Aktion der Menschheit in allen Weisen.&nbsp;&nbsp;&nbsp;<\/p>\n\n\n\n<p>Die Menschheit ist in seine Geschichte wie lang als Zeit ist. Die Wesen des Weltraums auch in die Menschheit geh\u00f6rt und ihre Geschichte auch langer als man noch sich vorstellen hat. Die Wesen des Weltraums funktionier wie Menschen auch anders, denn sie sehr gleich mit den&nbsp;Menschen der Planet Erde sind. Die Unrechtm\u00e4\u00dfigkeit den allen Wesen man nicht messen kann, aber die Ungerechtigkeit der Menschheit aus der Menge der gemachte Fehlverhalten man messen kann. Die Ungerechtigkeiten der allen Wesen der Menschheit nicht aus der Aktivit\u00e4t der allen Menschheit erz\u00e4hlen, weil die alle unrechtm\u00e4\u00dfige Wesen seine b\u00f6se Spur in die Menge der gemeinsamen Ungerechtigkeit der Menschheit machen.&nbsp;&nbsp;&nbsp;&nbsp;&nbsp;<\/p>\n\n\n\n<p>Die alle ungerechte Taten der Wesen der Menschheit funktionieren als sehr unrechtm\u00e4\u00dfig, weil alle so viel Ungerechtigkeit mithaben. Die Geschichte der Menschheit ist so lange wie Zeit ist, wo es&nbsp;Universumen&nbsp;auch fr\u00fcher als die gegenw\u00e4rtig gewesen sind, und da in die vergangene&nbsp;Universumen&nbsp;auch Menschen gewesen sind. Die fr\u00fchere&nbsp;Universumen&nbsp;waren sehr unrechtm\u00e4\u00dfige f\u00fcr die Menschheit. Die alle Wesen der Menschheit funktioniert so als sehr unrechtm\u00e4\u00dfig, aber auch als wohlwollend, w\u00e4hrend der vergangene&nbsp;Universumen.&nbsp;&nbsp;<\/p>\n\n\n\n<p>Die alle Menschen unserer&nbsp;Universumen&nbsp;sind so sehr gleich mit den Menschen der vergangenen Zeiten, aber es doch auch Verschiedenheiten gibt, aber jedoch die&nbsp;Menschen sehr gleich mit einander auch als verschiedenen sind. Die vergangenen Zeiten waren sehr unrechtm\u00e4\u00dfige auch f\u00fcr den Sch\u00f6pfer, so dass der Sch\u00f6pfer sehr viele Feinde in die Ereignisse der vergangenen Epochen erh\u00e4lt. Die alle Ereignisse waren sehr unrechtm\u00e4\u00dfige, weil die alle tot von seinem Geist mit im Leben waren. Auch heute es gibt manchmal ihnen, aber nicht in den Proportionen als es ihnen&nbsp;in den vergangenen Epochen&nbsp;gab.&nbsp;&nbsp;&nbsp;&nbsp;<\/p>\n\n\n\n<p>Die alle unrechtm\u00e4\u00dfige Wesen sehr fluchte waren, weil die unrechtm\u00e4\u00dfigen Wesen ihre schlechte Arbeit f\u00fcr die Menschheit machten. Die alle Ungerechtigkeiten sind in der Gegenwart eingetroffen, wenn die alle tot von seinem Geist schlie\u00dflich in der Vernichtungsentscheidungen der geistigen Welt aufgebrochen sind. Die alle unrechtm\u00e4\u00dfige Wesen machte so wenig gut Arbeit, dass ihre Stufe der hohen Aktivit\u00e4t als ganz entfernt war. Die Aktivit\u00e4t den Wesen wie diese entspricht als sehr schlecht ein funktionierter Mensch, denn die Stufe der Aktivit\u00e4t der unrechtm\u00e4\u00dfigen Wesen mehr primitives als die weniger unrechtm\u00e4\u00dfige Wesen ist.&nbsp;&nbsp;&nbsp;&nbsp;<\/p>\n\n\n\n<p>4.&nbsp;<\/p>\n\n\n\n<p>Alle unrechtm\u00e4\u00dfigen Wesen sind sehr&nbsp;gefluchte wegen der vergangenen Zeiten, denn sie sehr unrechtm\u00e4\u00dfigen Kontrakte von der geistigen Welt hatten,&nbsp;Ungerechtigkeit&nbsp;um zu machen. Diesen war&nbsp;ungeheuerte&nbsp;Krieg Aktion, was man eine lange Seite in der Geschichte getrieben ist.&nbsp;Alle unserer Wesen haben sehr viel&nbsp;ungeheuerte&nbsp;Krieg Aktion in seinem Unterbewusstsein wegen der vergangenen Zeiten. Fr\u00fchere Zeiten sind so sehr gefluchte Ma\u00dfnahmen. Die&nbsp;Ungerechtigkeit&nbsp;der alle Wesen nicht messbar ist, aber Ungerechtigkeiten doch sehr viel wegen hoch Stufe Aktivit\u00e4t geben. Denn die Ungerechtigkeiten sind messbar nicht bevor hoch Stufe Aktivit\u00e4t, die Ungerechtigkeiten man nicht immer auf der niedrigen Stufe Aktivit\u00e4t sieht.&nbsp;&nbsp;<\/p>\n\n\n\n<p>Die niedrigeren Stufen der Aktivit\u00e4t sind sehr krumm, weil auf den niedrigeren Stufen der Aktivit\u00e4t niemand funktioniert auf der Stufe des Geists, denn auf der niedriger Stufe der Aktivit\u00e4t man funktioniert auf der Stufe der physische Welt, was nicht so viel Aktivit\u00e4t von eigenem Geist braucht. Um in der physischen Welt&nbsp;auszukommen, die Wesen nicht h\u00f6here Stufe Aktivit\u00e4t in ihren Gedanken brauchen, sondern die Menschen auch ohne Aktivit\u00e4t von seinem Geist auskommen. Doch die Aktivit\u00e4t der Geistigen Welt sehr hoch Stufe Aktivit\u00e4t von dem Geist braucht, wo die Wesen in anspruchsvoller Aktivit\u00e4t haben, wann sie in der Geistigen Welt sind.&nbsp;&nbsp;<\/p>\n\n\n\n<p>Alle unsere Wesen sehr verdrehte Gedanken gegen die Systeme des Sch\u00f6pfers haben, so dass die Ungerechtigkeiten nicht so gut funktionieren wann man sich gegen das System des Sch\u00f6pfers str\u00e4ubt, als wenn die Wesen in \u00dcbereinstimmung mit dem System des Sch\u00f6pfers funktioniert. Die Ungerechtigkeiten als besser funktionieren, wenn die Systeme des Sch\u00f6pfers mit in der Aktivit\u00e4t sind, denn dann man nicht Strafen f\u00fcr Wesen fast nicht so viel braucht, als die Wesen mehr in \u00dcberstimmung mit dem System funktionieren. In unserer Menschheit es hat sehr unrechtm\u00e4\u00dfige Aktivit\u00e4t gegeben, denn dann es nicht Strafen anders wie in der Gegenwart gegeben hat. In der Gegenwart man straft aus der Ungerechtigkeit als sehr genau, aber fr\u00fcher die Strafen mehr unbestimmt waren, und man sie nicht immer gerade als orthodox triebt.&nbsp;&nbsp;<\/p>\n\n\n\n<p>Die alle Ungerechtigkeiten der allen unrechtm\u00e4\u00dfigen Wesen als f\u00f6rdernd f\u00fcr die Menschheit funktionieren, dann alle Wesen als sehr verdreht funktionieren, denn f\u00f6rdern dank der sehr unrechtm\u00e4\u00dfigen Aktivit\u00e4t kommt.&nbsp;Wegen unseres Verdiensts alle unrechtm\u00e4\u00dfigen Wesen funktionieren als f\u00f6rdern, denn sie mit den Ger\u00e4tehexereien des Geistigen Welt gesteuert werden. Alle unsere \u00dcbelt\u00e4ter sind so viel Ungerechtigkeit in vergangenen Zeiten gemacht, wann die Menschheit als sehr unrechtm\u00e4\u00dfig gehandelt. Die Ungerechtigkeiten den allen unseren Kriegern sind in den Kenntnissen den allen auch aus den Schreibungen der Geschichte. Sondern in der Geschichte und noch in dem heutigen Tag geschehen Aktivit\u00e4t ist so immer und ewig gewesen, weil von unseren Ungerechtigkeiten wir nicht als sehr seltsam uns trennen k\u00f6nnen.&nbsp;&nbsp;&nbsp;<\/p>\n\n\n\n<p>Die unrechtm\u00e4\u00dfigen Wesen funktionieren \u00fcberall in unserer Menschheit, so Ungerechtigkeit man auch in dem Weltraum und anderswo als in der Welt gemacht ist. Die Unrechtm\u00e4\u00dfigkeit den allen unrechtm\u00e4\u00dfigen Wesen k\u00f6nnen wir nicht bevor&nbsp;in den sp\u00e4teren Zeiten&nbsp;messen, denn die Folgen des Tats oft nicht bevor sehr lang nach der Tat hervorkommen.&nbsp;&nbsp;<\/p>\n\n\n\n<p>Die Aktion, der allen Wesen sehr unrechtm\u00e4\u00dfig ist, weil alle so viel Ungerechtigkeit mithaben, dieses gilt Sklavenhandel, Kriegen und ungleichm\u00e4\u00dfige Teilungen des Essens. Die Reparierung der allen Ungerechtigkeiten ist jemals unm\u00f6glich, so bestehende Schaden&nbsp;man macht&nbsp;manchmal immer.&nbsp;&nbsp;<\/p>\n\n\n\n<p>5.&nbsp;<\/p>\n\n\n\n<p>Alles besser aussieht nicht bevor letzten Zeiten,&nbsp;wenn die Systeme des Sch\u00f6pfers zerst\u00f6rt von seiner Ebene der Gegenwart als noch besser funktionieren wird. Doch die Ungerechtigkeit der Menschen hindern die Ebene der besseren Funktionierung manchmal, wann alle Schrecklichkeiten der Teil des Menschen kommt, weil sie als sehr unrechtm\u00e4\u00dfig in den vergangenen Leben funktionieren haben. Die Leben so sehr gleich zu einander sind, denn der Mensch funktioniert normalerweise in gleicher Weise, aber auswendig es als sehr verschiedenen ausziehen kann, und manchmal es verschiedenen auch anders ist. Doch das Profil der allen Menschen erz\u00e4hlen seine rechten Absichten, die der Mensch befolgen fast&nbsp;durch seine ganzen Leben, manchmal selbst verewigen.&nbsp;&nbsp;<\/p>\n\n\n\n<p>Die&nbsp;Ungerechtigkeit,&nbsp;der allen Wesen funktioniert als sehr unwillig&nbsp;in&nbsp;Hinsicht auf der&nbsp;Ebene&nbsp;des Sch\u00f6pfers, denn mit dem Unrecht man nicht die Ebene der rechten Aktivit\u00e4t beherrschen kann.&nbsp;Die Ebene&nbsp;der rechten Aktivit\u00e4t kommt aus, dass die allen Dingen&nbsp;in den Verwaltungen&nbsp;sind, und es&nbsp;keine ungewissen Sachen&nbsp;gibt.&nbsp;Der Ungewiss den Sachen&nbsp;ist&nbsp;sehr unrechtm\u00e4\u00dfige Aktivit\u00e4t&nbsp;erm\u00f6glichen, weil dann man&nbsp;aus&nbsp;Sachen nichts&nbsp;mit Gerechtigkeit&nbsp;denkst, denn&nbsp;die Gerechtigkeit man nicht&nbsp;als ungewiss&nbsp;aus Sachen&nbsp;wahrnehmen&nbsp;kann.&nbsp;Die unrechtm\u00e4\u00dfigen Ma\u00dfnahmen&nbsp;fr\u00fcher als sehr ungewiss getan waren,&nbsp;wann alle Sachen&nbsp;unrechtm\u00e4\u00dfige&nbsp;wegen der Ungewiss&nbsp;waren.&nbsp;<\/p>\n\n\n\n<p>Sehr unrechtm\u00e4\u00dfige Wesen&nbsp;sind&nbsp;die&nbsp;zerst\u00f6rend von allen&nbsp;wenn nochmal die Vereinbarungen&nbsp;des&nbsp;Sch\u00f6pfers gut f\u00fcr alle machen.&nbsp;F\u00fcr alle Vereinbarungen es sehr unrechtm\u00e4\u00dfig etwas&nbsp;gegens\u00e4tzlich zusagen ist, denn&nbsp;die Vereinbarungen des Sch\u00f6pfers als sehr unrechtm\u00e4\u00dfig zu&nbsp;sie&nbsp;funktionieren,&nbsp;wer die Vereinbarungen des Sch\u00f6pfers&nbsp;schaden.&nbsp;F\u00fcr die alle&nbsp;\u00dcbelt\u00e4ter&nbsp;es sehr&nbsp;unrechtm\u00e4\u00dfig&nbsp;etwas auf die Vereinbarungen des Sch\u00f6pfers zu sagen ist,&nbsp;wann alles unrechtm\u00e4\u00dfig&nbsp;ist, was die \u00dcbelt\u00e4ter&nbsp;auch&nbsp;denken wollen.&nbsp;&nbsp;<\/p>\n\n\n\n<p>Unsere neuen \u00dcbelt\u00e4ter&nbsp;sind f\u00fcr die Menschheit als Belastung&nbsp;in sp\u00e4teren Zeiten. Die Menschheit will&nbsp;viele&nbsp;Schaden sehen, auch wie&nbsp;es in der Geschichte der Menschheit gewesen ist.&nbsp;F\u00fcr alle \u00dcbelt\u00e4ter die Geschichte der Menschheit unrechtm\u00e4\u00dfiger&nbsp;ist,&nbsp;als&nbsp;man auch in der Geistigen Welt sich vorstellt.&nbsp;W\u00e4hrend die Geschichte der Menschheit es alles m\u00f6gliches gewesen ist,&nbsp;wie M\u00e4rchen Leben, Dimensionen,&nbsp;besondere&nbsp;gebaute Technologie, Aktivit\u00e4t mit der Hilfe des Sch\u00f6pfers und Geistige Aktivit\u00e4t&nbsp;in allen Weisen.&nbsp;Aus fr\u00fcheren Zeiten&nbsp;kann man Information&nbsp;erhalten&nbsp;mit kanalisieren, wann die Information aus fr\u00fcheren Zeiten in dem&nbsp;Bewusstsein&nbsp;den Wesen aufgenommen ist.&nbsp;&nbsp;<\/p>\n\n\n\n<p>Die Wesen erhalten Information aus&nbsp;ihrem&nbsp;Unterbewusstsein&nbsp;aus fr\u00fcheren Zeiten, denn alle die Verbindung&nbsp;zu der Information&nbsp;aus fr\u00fcheren Zeiten in ihrem Bewusstsein haben.&nbsp;Alle unsere Wesen sehr viele Erfahrungen aus verschiedenen&nbsp;Leben&nbsp;in den vergangenen Zeiten&nbsp;haben.&nbsp;Die fr\u00fcheren Zeiten&nbsp;den Wesen&nbsp;sehr viele&nbsp;Ungerechtigkeit f\u00fcr Wesen in der Gegenwart&nbsp;verursacht.&nbsp;In der Gegenwart alle unsere Wesen so als&nbsp;unrechtm\u00e4\u00dfig&nbsp;wegen der fr\u00fcheren Zeiten&nbsp;funktioniert.&nbsp;Die vergangenen Zeiten den Wesen in dem Bewusstsein&nbsp;jeder ein&nbsp;sind,&nbsp;wann alle sehr viel Information aus Leben haben.&nbsp;Sehr viel Information auch&nbsp;die weniger alte Wesen haben, denn ihn&nbsp;Information&nbsp;in der Information&nbsp;den fr\u00fcheren Lebenden&nbsp;gr\u00fcndet.&nbsp;&nbsp;&nbsp;<\/p>\n\n\n\n<p>6.&nbsp;<\/p>\n\n\n\n<p>Von allen&nbsp;unseren&nbsp;Wesen man ein&nbsp;Kontrakt machen M\u00f6glichkeit mit dem Sch\u00f6pfer&nbsp;findet,&nbsp;wann sie ihnen Leben mit der Hilfe der Systeme des Sch\u00f6pfers&nbsp;verbessern k\u00f6nnen. Dann&nbsp;alle Kontrakte des Sch\u00f6pfers die Menschen besser als&nbsp;entsprechend mit den Systemen machen. Alle Funktionen entsprechend&nbsp;mit den Systemen&nbsp;sehr viel seine b\u00f6se Arbeit f\u00fcr alle unsere Wesen machen, weil&nbsp;die&nbsp;Systeme,&nbsp;die&nbsp;in den vergangenen Zeiten&nbsp;falsch gemacht&nbsp;haben,&nbsp;bestrafen.&nbsp;Diese Situation sehr gew\u00f6hnlich&nbsp;ist,&nbsp;f\u00fcr alle neue die eine Kontrakt mit&nbsp;dem Sch\u00f6pfer gemacht haben.&nbsp;Mit alle&nbsp;unsere Wesen man sehr viel unrechtm\u00e4\u00dfig Arbeit macht, denn&nbsp;die Ungerechtigkeit oft&nbsp;Reparierung f\u00fcr&nbsp;die andere von seinem geistigen Wesen&nbsp;ist.&nbsp;Unsere \u00dcbelt\u00e4ter sehr viel seine b\u00f6se Arbeit die andere zu zerst\u00f6ren machen, was&nbsp;eine&nbsp;Aktion&nbsp;verursacht&nbsp;mit dem System&nbsp;ist.&nbsp;Solche \u00dcbelt\u00e4ter&nbsp;es furchtbar zu sehen ist, aber es immer aus&nbsp;Strafe&nbsp;Aktivit\u00e4t ist,&nbsp;f\u00fcr die wer Ungerechtigkeit erleiden haben, denn sonst die Aktivit\u00e4t der geistigen Welt ist.&nbsp;<\/p>\n\n\n\n<p>Die alle unrechtm\u00e4\u00dfige Wesen&nbsp;w\u00e4hrend der Geschichte&nbsp;der Menschheit&nbsp;sehr unrechtm\u00e4\u00dfig gewesen sind.&nbsp;In die Geschichte der Menschheit geh\u00f6rt viel Kriege und Hungersnot.&nbsp;Die Unrechte den allen unrechtm\u00e4\u00dfigen&nbsp;Wesen&nbsp;sich vermindern mit der Hilfe des neuen Systems. Alle Probleme&nbsp;folgen aus dem Sch\u00f6pfer, denn er die Ungerechtigkeit&nbsp;schon seit vergangenen Zeiten&nbsp;zu bl\u00fchen gewollt hat,&nbsp;wenn blo\u00df es nicht&nbsp;auf&nbsp;ihn&nbsp;selbst&nbsp;bezieht, so lange wie er selbst rechtm\u00e4\u00dfig&nbsp;ist.&nbsp;Das System&nbsp;den&nbsp;als unrechtm\u00e4\u00dfig funktioniert&nbsp;wirklich&nbsp;so eine&nbsp;Unm\u00f6glichkeit ist,&nbsp;denn alles&nbsp;als zaubert von dem Sch\u00f6pfer&nbsp;geringst&nbsp;als unrechtm\u00e4\u00dfig funktionieren ist, und der Sch\u00f6pfer&nbsp;den Systemen&nbsp;mit seiner eigenen Aktivit\u00e4t&nbsp;gebaut&nbsp;hat, wann die Ungerechtigkeit&nbsp;nicht sehr lange in den Systemen&nbsp;des Sch\u00f6pfers&nbsp;bl\u00fchen wird.&nbsp;<\/p>\n\n\n\n<p>Unsere Menschheit sehr unrechtm\u00e4\u00dfig&nbsp;f\u00fcr die andere Wesen ist.&nbsp;Die alle Wesen unserer Menschheit haben die Toleranz&nbsp;der Ungerechtigkeit&nbsp;sich vermindert.&nbsp;F\u00fcr die alle Wesen die Ungerechtigkeit funktioniert sehr lange&nbsp;als steuert&nbsp;mit dem Sch\u00f6pfer.&nbsp;Die Unrechte des Sch\u00f6pfers mehr minimal als&nbsp;kein anderer Mensch sind, aber dieses&nbsp;nicht&nbsp;aus dem Teil&nbsp;der&nbsp;physischen&nbsp;Ungerechtigkeit&nbsp;stimmt, denn der Sch\u00f6pfer sehr unrechtm\u00e4\u00dfige&nbsp;Leben gelebt hat.&nbsp;Die Leben sehr unrechtm\u00e4\u00dfige sind, wenn alle St\u00fccke als sehr&nbsp;fluchte sind. Die fluchte St\u00fccke aus dem Fehlverhalten geboren sind,&nbsp;oder&nbsp;aus den Fl\u00fcchen&nbsp;den&nbsp;anderen.&nbsp;Der Sch\u00f6pfer oft in dieser Weise als fluchte mit den&nbsp;anderen ist,&nbsp;wann er unrechtm\u00e4\u00dfig ist.&nbsp;Als fluchte mit den anderen er im allgemein als Krieger oder als&nbsp;Krieg Leiter ist,&nbsp;wann der Sch\u00f6pfer sehr unrechtm\u00e4\u00dfig&nbsp;f\u00fcr alle&nbsp;seine Kinder&nbsp;ist.&nbsp;&nbsp;<\/p>\n","protected":false},"excerpt":{"rendered":"<p>Die&nbsp;Geschichte&nbsp;der&nbsp;Menschheit&nbsp; Publiziert: 22.8.2012&nbsp; Die \u00dcbersetzung: 29.12.2019 1.&nbsp; Die Geschichte der Menschheit ist seltsam, weil Menschen seit Vergangene Epochen gewesen sind. Menschen sind immer gleich ausgesehen, weil alles auf der Sch\u00f6pfung basiert. Die Sch\u00f6pfung als die Ursache ist sehr Unrecht Information zuschreiben, weil die Menschen zu Unrecht zueinander mit dieser Information sind. Menschen haben einander get\u00f6tet [&hellip;]<\/p>\n","protected":false},"author":1,"featured_media":0,"parent":3175,"menu_order":0,"comment_status":"closed","ping_status":"closed","template":"","meta":{"footnotes":""},"class_list":["post-3176","page","type-page","status-publish","hentry"],"featured_image_src":null,"_links":{"self":[{"href":"https:\/\/esoteric-information.com\/newmain\/wp-json\/wp\/v2\/pages\/3176","targetHints":{"allow":["GET"]}}],"collection":[{"href":"https:\/\/esoteric-information.com\/newmain\/wp-json\/wp\/v2\/pages"}],"about":[{"href":"https:\/\/esoteric-information.com\/newmain\/wp-json\/wp\/v2\/types\/page"}],"author":[{"embeddable":true,"href":"https:\/\/esoteric-information.com\/newmain\/wp-json\/wp\/v2\/users\/1"}],"replies":[{"embeddable":true,"href":"https:\/\/esoteric-information.com\/newmain\/wp-json\/wp\/v2\/comments?post=3176"}],"version-history":[{"count":2,"href":"https:\/\/esoteric-information.com\/newmain\/wp-json\/wp\/v2\/pages\/3176\/revisions"}],"predecessor-version":[{"id":3320,"href":"https:\/\/esoteric-information.com\/newmain\/wp-json\/wp\/v2\/pages\/3176\/revisions\/3320"}],"up":[{"embeddable":true,"href":"https:\/\/esoteric-information.com\/newmain\/wp-json\/wp\/v2\/pages\/3175"}],"wp:attachment":[{"href":"https:\/\/esoteric-information.com\/newmain\/wp-json\/wp\/v2\/media?parent=3176"}],"curies":[{"name":"wp","href":"https:\/\/api.w.org\/{rel}","templated":true}]}}